{"id":1106,"date":"2023-09-20T12:48:56","date_gmt":"2023-09-20T12:48:56","guid":{"rendered":"https:\/\/eqaolmue.cl\/?page_id=1106"},"modified":"2023-10-17T12:24:58","modified_gmt":"2023-10-17T12:24:58","slug":"departamento-de-musica","status":"publish","type":"page","link":"https:\/\/eqaolmue.cl\/?page_id=1106","title":{"rendered":"Estamento de M\u00fasica"},"content":{"rendered":"\t\t<div data-elementor-type=\"wp-page\" data-elementor-id=\"1106\" class=\"elementor elementor-1106\">\n\t\t\t\t\t\t\t\t\t<section class=\"elementor-section elementor-top-section elementor-element elementor-element-c9aac1d elementor-section-boxed elementor-section-height-default elementor-section-height-default\" data-id=\"c9aac1d\" data-element_type=\"section\" data-settings=\"{&quot;background_background&quot;:&quot;classic&quot;}\">\n\t\t\t\t\t\t<div class=\"elementor-container elementor-column-gap-default\">\n\t\t\t\t\t<div class=\"elementor-column elementor-col-100 elementor-top-column elementor-element elementor-element-16e49a4\" data-id=\"16e49a4\" data-element_type=\"column\">\n\t\t\t<div class=\"elementor-widget-wrap elementor-element-populated\">\n\t\t\t\t\t\t\t\t<div class=\"elementor-element elementor-element-46618d3 elementor-widget elementor-widget-spacer\" data-id=\"46618d3\" data-element_type=\"widget\" data-widget_type=\"spacer.default\">\n\t\t\t\t<div class=\"elementor-widget-container\">\n\t\t\t<style>\/*! elementor - v3.14.0 - 18-06-2023 *\/\n.elementor-column .elementor-spacer-inner{height:var(--spacer-size)}.e-con{--container-widget-width:100%}.e-con-inner>.elementor-widget-spacer,.e-con>.elementor-widget-spacer{width:var(--container-widget-width,var(--spacer-size));--align-self:var(--container-widget-align-self,initial);--flex-shrink:0}.e-con-inner>.elementor-widget-spacer>.elementor-widget-container,.e-con-inner>.elementor-widget-spacer>.elementor-widget-container>.elementor-spacer,.e-con>.elementor-widget-spacer>.elementor-widget-container,.e-con>.elementor-widget-spacer>.elementor-widget-container>.elementor-spacer{height:100%}.e-con-inner>.elementor-widget-spacer>.elementor-widget-container>.elementor-spacer>.elementor-spacer-inner,.e-con>.elementor-widget-spacer>.elementor-widget-container>.elementor-spacer>.elementor-spacer-inner{height:var(--container-widget-height,var(--spacer-size))}<\/style>\t\t<div class=\"elementor-spacer\">\n\t\t\t<div class=\"elementor-spacer-inner\"><\/div>\n\t\t<\/div>\n\t\t\t\t<\/div>\n\t\t\t\t<\/div>\n\t\t\t\t<div class=\"elementor-element elementor-element-903a618 elementor-widget elementor-widget-heading\" data-id=\"903a618\" data-element_type=\"widget\" data-widget_type=\"heading.default\">\n\t\t\t\t<div class=\"elementor-widget-container\">\n\t\t\t<style>\/*! elementor - v3.14.0 - 18-06-2023 *\/\n.elementor-heading-title{padding:0;margin:0;line-height:1}.elementor-widget-heading .elementor-heading-title[class*=elementor-size-]>a{color:inherit;font-size:inherit;line-height:inherit}.elementor-widget-heading .elementor-heading-title.elementor-size-small{font-size:15px}.elementor-widget-heading .elementor-heading-title.elementor-size-medium{font-size:19px}.elementor-widget-heading .elementor-heading-title.elementor-size-large{font-size:29px}.elementor-widget-heading .elementor-heading-title.elementor-size-xl{font-size:39px}.elementor-widget-heading .elementor-heading-title.elementor-size-xxl{font-size:59px}<\/style><h2 class=\"elementor-heading-title elementor-size-default\">Estamento de M\u00fasica<\/h2>\t\t<\/div>\n\t\t\t\t<\/div>\n\t\t\t\t<div class=\"elementor-element elementor-element-9c97429 elementor-widget elementor-widget-spacer\" data-id=\"9c97429\" data-element_type=\"widget\" data-widget_type=\"spacer.default\">\n\t\t\t\t<div class=\"elementor-widget-container\">\n\t\t\t\t\t<div class=\"elementor-spacer\">\n\t\t\t<div class=\"elementor-spacer-inner\"><\/div>\n\t\t<\/div>\n\t\t\t\t<\/div>\n\t\t\t\t<\/div>\n\t\t\t\t\t<\/div>\n\t\t<\/div>\n\t\t\t\t\t\t\t<\/div>\n\t\t<\/section>\n\t\t\t\t<section class=\"elementor-section elementor-top-section elementor-element elementor-element-7db3a67 elementor-section-height-min-height elementor-section-boxed elementor-section-height-default elementor-section-items-middle\" data-id=\"7db3a67\" data-element_type=\"section\" data-settings=\"{&quot;background_background&quot;:&quot;slideshow&quot;,&quot;background_slideshow_gallery&quot;:[{&quot;id&quot;:1586,&quot;url&quot;:&quot;https:\\\/\\\/eqaolmue.cl\\\/wp-content\\\/uploads\\\/2023\\\/10\\\/20230718_120653-scaled.jpg&quot;},{&quot;id&quot;:1587,&quot;url&quot;:&quot;https:\\\/\\\/eqaolmue.cl\\\/wp-content\\\/uploads\\\/2023\\\/10\\\/20230718_120659-scaled.jpg&quot;},{&quot;id&quot;:1588,&quot;url&quot;:&quot;https:\\\/\\\/eqaolmue.cl\\\/wp-content\\\/uploads\\\/2023\\\/10\\\/20230718_120719-scaled.jpg&quot;}],&quot;background_slideshow_loop&quot;:&quot;yes&quot;,&quot;background_slideshow_slide_duration&quot;:5000,&quot;background_slideshow_slide_transition&quot;:&quot;fade&quot;,&quot;background_slideshow_transition_duration&quot;:500}\">\n\t\t\t\t\t\t<div class=\"elementor-container elementor-column-gap-default\">\n\t\t\t\t\t<div class=\"elementor-column elementor-col-100 elementor-top-column elementor-element elementor-element-f0088c0\" data-id=\"f0088c0\" data-element_type=\"column\">\n\t\t\t<div class=\"elementor-widget-wrap\">\n\t\t\t\t\t\t\t\t\t<\/div>\n\t\t<\/div>\n\t\t\t\t\t\t\t<\/div>\n\t\t<\/section>\n\t\t\t\t<section class=\"elementor-section elementor-top-section elementor-element elementor-element-f357688 elementor-section-boxed elementor-section-height-default elementor-section-height-default\" data-id=\"f357688\" data-element_type=\"section\">\n\t\t\t\t\t\t<div class=\"elementor-container elementor-column-gap-default\">\n\t\t\t\t\t<div class=\"elementor-column elementor-col-50 elementor-top-column elementor-element elementor-element-57cc806\" data-id=\"57cc806\" data-element_type=\"column\">\n\t\t\t<div class=\"elementor-widget-wrap elementor-element-populated\">\n\t\t\t\t\t\t\t\t<div class=\"elementor-element elementor-element-18e2e77 elementor-widget elementor-widget-heading\" data-id=\"18e2e77\" data-element_type=\"widget\" data-widget_type=\"heading.default\">\n\t\t\t\t<div class=\"elementor-widget-container\">\n\t\t\t<h2 class=\"elementor-heading-title elementor-size-default\">Descripci\u00f3n General<\/h2>\t\t<\/div>\n\t\t\t\t<\/div>\n\t\t\t\t\t<\/div>\n\t\t<\/div>\n\t\t\t\t<div class=\"elementor-column elementor-col-50 elementor-top-column elementor-element elementor-element-e3656b5\" data-id=\"e3656b5\" data-element_type=\"column\">\n\t\t\t<div class=\"elementor-widget-wrap elementor-element-populated\">\n\t\t\t\t\t\t\t\t<div class=\"elementor-element elementor-element-c1a45c7 elementor-widget elementor-widget-text-editor\" data-id=\"c1a45c7\" data-element_type=\"widget\" data-widget_type=\"text-editor.default\">\n\t\t\t\t<div class=\"elementor-widget-container\">\n\t\t\t<style>\/*! elementor - v3.14.0 - 18-06-2023 *\/\n.elementor-widget-text-editor.elementor-drop-cap-view-stacked .elementor-drop-cap{background-color:#69727d;color:#fff}.elementor-widget-text-editor.elementor-drop-cap-view-framed .elementor-drop-cap{color:#69727d;border:3px solid;background-color:transparent}.elementor-widget-text-editor:not(.elementor-drop-cap-view-default) .elementor-drop-cap{margin-top:8px}.elementor-widget-text-editor:not(.elementor-drop-cap-view-default) .elementor-drop-cap-letter{width:1em;height:1em}.elementor-widget-text-editor .elementor-drop-cap{float:left;text-align:center;line-height:1;font-size:50px}.elementor-widget-text-editor .elementor-drop-cap-letter{display:inline-block}<\/style>\t\t\t\t<p>El estamento de m\u00fasica de nuestro colegio es el lugar donde la pasi\u00f3n y el talento musical se unen. Fomentamos la creatividad, el aprendizaje y la expresi\u00f3n a trav\u00e9s de la m\u00fasica.<\/p>\t\t\t\t\t\t<\/div>\n\t\t\t\t<\/div>\n\t\t\t\t<div class=\"elementor-element elementor-element-65f4748 elementor-widget elementor-widget-spacer\" data-id=\"65f4748\" data-element_type=\"widget\" data-widget_type=\"spacer.default\">\n\t\t\t\t<div class=\"elementor-widget-container\">\n\t\t\t\t\t<div class=\"elementor-spacer\">\n\t\t\t<div class=\"elementor-spacer-inner\"><\/div>\n\t\t<\/div>\n\t\t\t\t<\/div>\n\t\t\t\t<\/div>\n\t\t\t\t\t<\/div>\n\t\t<\/div>\n\t\t\t\t\t\t\t<\/div>\n\t\t<\/section>\n\t\t\t\t\t\t\t<\/div>\n\t\t","protected":false},"excerpt":{"rendered":"<p>Estamento de M\u00fasica Descripci\u00f3n General El estamento de m\u00fasica de nuestro colegio es el lugar donde la pasi\u00f3n y el talento musical se unen. Fomentamos la creatividad, el aprendizaje y la expresi\u00f3n a trav\u00e9s de la m\u00fasica.<\/p>\n","protected":false},"author":1,"featured_media":0,"parent":0,"menu_order":0,"comment_status":"closed","ping_status":"closed","template":"page-templates\/template-pagebuilder-full-width.php","meta":{"_eb_attr":"","neve_meta_sidebar":"","neve_meta_container":"","neve_meta_enable_content_width":"","neve_meta_content_width":0,"neve_meta_title_alignment":"","neve_meta_author_avatar":"","neve_post_elements_order":"","neve_meta_disable_header":"","neve_meta_disable_footer":"","neve_meta_disable_title":"","_joinchat":[],"footnotes":""},"class_list":["post-1106","page","type-page","status-publish","hentry"],"yoast_head":"<!-- This site is optimized with the Yoast SEO plugin v21.1 - https:\/\/yoast.com\/wordpress\/plugins\/seo\/ -->\n<title>Estamento de M\u00fasica - Eqaolmue<\/title>\n<meta name=\"robots\" content=\"index, follow, max-snippet:-1, max-image-preview:large, max-video-preview:-1\" \/>\n<link rel=\"canonical\" href=\"https:\/\/eqaolmue.cl\/?page_id=1106\" \/>\n<meta property=\"og:locale\" content=\"es_ES\" \/>\n<meta property=\"og:type\" content=\"article\" \/>\n<meta property=\"og:title\" content=\"Estamento de M\u00fasica - Eqaolmue\" \/>\n<meta property=\"og:description\" content=\"Estamento de M\u00fasica Descripci\u00f3n General El estamento de m\u00fasica de nuestro colegio es el lugar donde la pasi\u00f3n y el talento musical se unen. Fomentamos la creatividad, el aprendizaje y la expresi\u00f3n a trav\u00e9s de la m\u00fasica.\" \/>\n<meta property=\"og:url\" content=\"https:\/\/eqaolmue.cl\/?page_id=1106\" \/>\n<meta property=\"og:site_name\" content=\"Eqaolmue\" \/>\n<meta property=\"article:modified_time\" content=\"2023-10-17T12:24:58+00:00\" \/>\n<meta name=\"twitter:card\" content=\"summary_large_image\" \/>\n<meta name=\"twitter:label1\" content=\"Tiempo de lectura\" \/>\n\t<meta name=\"twitter:data1\" content=\"1 minuto\" \/>\n<script type=\"application\/ld+json\" class=\"yoast-schema-graph\">{\"@context\":\"https:\/\/schema.org\",\"@graph\":[{\"@type\":\"WebPage\",\"@id\":\"https:\/\/eqaolmue.cl\/?page_id=1106\",\"url\":\"https:\/\/eqaolmue.cl\/?page_id=1106\",\"name\":\"Estamento de M\u00fasica - Eqaolmue\",\"isPartOf\":{\"@id\":\"https:\/\/eqaolmue.cl\/#website\"},\"datePublished\":\"2023-09-20T12:48:56+00:00\",\"dateModified\":\"2023-10-17T12:24:58+00:00\",\"breadcrumb\":{\"@id\":\"https:\/\/eqaolmue.cl\/?page_id=1106#breadcrumb\"},\"inLanguage\":\"es\",\"potentialAction\":[{\"@type\":\"ReadAction\",\"target\":[\"https:\/\/eqaolmue.cl\/?page_id=1106\"]}]},{\"@type\":\"BreadcrumbList\",\"@id\":\"https:\/\/eqaolmue.cl\/?page_id=1106#breadcrumb\",\"itemListElement\":[{\"@type\":\"ListItem\",\"position\":1,\"name\":\"Portada\",\"item\":\"https:\/\/eqaolmue.cl\/\"},{\"@type\":\"ListItem\",\"position\":2,\"name\":\"Estamento de M\u00fasica\"}]},{\"@type\":\"WebSite\",\"@id\":\"https:\/\/eqaolmue.cl\/#website\",\"url\":\"https:\/\/eqaolmue.cl\/\",\"name\":\"Escuela Quebrada de Alvarado\",\"description\":\"\",\"publisher\":{\"@id\":\"https:\/\/eqaolmue.cl\/#organization\"},\"potentialAction\":[{\"@type\":\"SearchAction\",\"target\":{\"@type\":\"EntryPoint\",\"urlTemplate\":\"https:\/\/eqaolmue.cl\/?s={search_term_string}\"},\"query-input\":\"required name=search_term_string\"}],\"inLanguage\":\"es\"},{\"@type\":\"Organization\",\"@id\":\"https:\/\/eqaolmue.cl\/#organization\",\"name\":\"EQA\",\"url\":\"https:\/\/eqaolmue.cl\/\",\"logo\":{\"@type\":\"ImageObject\",\"inLanguage\":\"es\",\"@id\":\"https:\/\/eqaolmue.cl\/#\/schema\/logo\/image\/\",\"url\":\"https:\/\/eqaolmue.cl\/wp-content\/uploads\/2023\/06\/Logo-1.png\",\"contentUrl\":\"https:\/\/eqaolmue.cl\/wp-content\/uploads\/2023\/06\/Logo-1.png\",\"width\":241,\"height\":325,\"caption\":\"EQA\"},\"image\":{\"@id\":\"https:\/\/eqaolmue.cl\/#\/schema\/logo\/image\/\"}}]}<\/script>\n<!-- \/ Yoast SEO plugin. -->","yoast_head_json":{"title":"Estamento de M\u00fasica - Eqaolmue","robots":{"index":"index","follow":"follow","max-snippet":"max-snippet:-1","max-image-preview":"max-image-preview:large","max-video-preview":"max-video-preview:-1"},"canonical":"https:\/\/eqaolmue.cl\/?page_id=1106","og_locale":"es_ES","og_type":"article","og_title":"Estamento de M\u00fasica - Eqaolmue","og_description":"Estamento de M\u00fasica Descripci\u00f3n General El estamento de m\u00fasica de nuestro colegio es el lugar donde la pasi\u00f3n y el talento musical se unen. Fomentamos la creatividad, el aprendizaje y la expresi\u00f3n a trav\u00e9s de la m\u00fasica.","og_url":"https:\/\/eqaolmue.cl\/?page_id=1106","og_site_name":"Eqaolmue","article_modified_time":"2023-10-17T12:24:58+00:00","twitter_card":"summary_large_image","twitter_misc":{"Tiempo de lectura":"1 minuto"},"schema":{"@context":"https:\/\/schema.org","@graph":[{"@type":"WebPage","@id":"https:\/\/eqaolmue.cl\/?page_id=1106","url":"https:\/\/eqaolmue.cl\/?page_id=1106","name":"Estamento de M\u00fasica - Eqaolmue","isPartOf":{"@id":"https:\/\/eqaolmue.cl\/#website"},"datePublished":"2023-09-20T12:48:56+00:00","dateModified":"2023-10-17T12:24:58+00:00","breadcrumb":{"@id":"https:\/\/eqaolmue.cl\/?page_id=1106#breadcrumb"},"inLanguage":"es","potentialAction":[{"@type":"ReadAction","target":["https:\/\/eqaolmue.cl\/?page_id=1106"]}]},{"@type":"BreadcrumbList","@id":"https:\/\/eqaolmue.cl\/?page_id=1106#breadcrumb","itemListElement":[{"@type":"ListItem","position":1,"name":"Portada","item":"https:\/\/eqaolmue.cl\/"},{"@type":"ListItem","position":2,"name":"Estamento de M\u00fasica"}]},{"@type":"WebSite","@id":"https:\/\/eqaolmue.cl\/#website","url":"https:\/\/eqaolmue.cl\/","name":"Escuela Quebrada de Alvarado","description":"","publisher":{"@id":"https:\/\/eqaolmue.cl\/#organization"},"potentialAction":[{"@type":"SearchAction","target":{"@type":"EntryPoint","urlTemplate":"https:\/\/eqaolmue.cl\/?s={search_term_string}"},"query-input":"required name=search_term_string"}],"inLanguage":"es"},{"@type":"Organization","@id":"https:\/\/eqaolmue.cl\/#organization","name":"EQA","url":"https:\/\/eqaolmue.cl\/","logo":{"@type":"ImageObject","inLanguage":"es","@id":"https:\/\/eqaolmue.cl\/#\/schema\/logo\/image\/","url":"https:\/\/eqaolmue.cl\/wp-content\/uploads\/2023\/06\/Logo-1.png","contentUrl":"https:\/\/eqaolmue.cl\/wp-content\/uploads\/2023\/06\/Logo-1.png","width":241,"height":325,"caption":"EQA"},"image":{"@id":"https:\/\/eqaolmue.cl\/#\/schema\/logo\/image\/"}}]}},"_links":{"self":[{"href":"https:\/\/eqaolmue.cl\/index.php?rest_route=\/wp\/v2\/pages\/1106","targetHints":{"allow":["GET"]}}],"collection":[{"href":"https:\/\/eqaolmue.cl\/index.php?rest_route=\/wp\/v2\/pages"}],"about":[{"href":"https:\/\/eqaolmue.cl\/index.php?rest_route=\/wp\/v2\/types\/page"}],"author":[{"embeddable":true,"href":"https:\/\/eqaolmue.cl\/index.php?rest_route=\/wp\/v2\/users\/1"}],"replies":[{"embeddable":true,"href":"https:\/\/eqaolmue.cl\/index.php?rest_route=%2Fwp%2Fv2%2Fcomments&post=1106"}],"version-history":[{"count":14,"href":"https:\/\/eqaolmue.cl\/index.php?rest_route=\/wp\/v2\/pages\/1106\/revisions"}],"predecessor-version":[{"id":1610,"href":"https:\/\/eqaolmue.cl\/index.php?rest_route=\/wp\/v2\/pages\/1106\/revisions\/1610"}],"wp:attachment":[{"href":"https:\/\/eqaolmue.cl\/index.php?rest_route=%2Fwp%2Fv2%2Fmedia&parent=1106"}],"curies":[{"name":"wp","href":"https:\/\/api.w.org\/{rel}","templated":true}]}}